{"id":3362,"date":"2025-09-27T15:50:36","date_gmt":"2025-09-27T15:50:36","guid":{"rendered":"http:\/\/berso-staging.local\/?page_id=3362"},"modified":"2026-03-28T10:07:57","modified_gmt":"2026-03-28T14:07:57","slug":"blog","status":"publish","type":"page","link":"https:\/\/bersomarketing.com\/fr\/blog\/","title":{"rendered":"Accueil Blogue"},"content":{"rendered":"\n<div>\n<div class=\"gb-element-6e567557\">\n<div>\n<h1 class=\"gb-text gb-text-35e8faf5\"><span class=\"underline-highlight\">Secrets SEO &amp; SEM bien gard\u00e9s<\/span><\/h1>\n<\/div>\n<\/div>\n\n\n\n<div class=\"gb-element-e2c3c7d6\">\n<div><div class=\"blog-filter-container\"><a href=\"https:\/\/bersomarketing.com\/fr\/blog\/\" class=\"filter-link active\">ALL<\/a><a href=\"\/fr\/wp-json\/wp\/v2\/pages\/3362?tag=e-commerce\" class=\"filter-link \">E-COMMERCE<\/a><a href=\"\/fr\/wp-json\/wp\/v2\/pages\/3362?tag=seo\" class=\"filter-link \">SEO<\/a><\/div>\n<\/div>\n<\/div>\n\n\n\n<div class=\"gb-element-7a7856d4\">\n<div><div class=\"posts-grid\"><div class=\"post-card\" style=\"animation-delay: 0.1s;\"><div class=\"post-image\"><a href=\"https:\/\/bersomarketing.com\/fr\/blog\/problemes-seo-shopify\/\"><img loading=\"lazy\" decoding=\"async\" width=\"1024\" height=\"621\" src=\"https:\/\/bersomarketing.com\/fr\/wp-content\/uploads\/sites\/2\/2026\/03\/seo-ecommerce-shopify-1024x621.webp\" class=\"attachment-large size-large wp-post-image\" alt=\"\" srcset=\"https:\/\/bersomarketing.com\/fr\/wp-content\/uploads\/sites\/2\/2026\/03\/seo-ecommerce-shopify-1024x621.webp 1024w, https:\/\/bersomarketing.com\/fr\/wp-content\/uploads\/sites\/2\/2026\/03\/seo-ecommerce-shopify-300x182.webp 300w, https:\/\/bersomarketing.com\/fr\/wp-content\/uploads\/sites\/2\/2026\/03\/seo-ecommerce-shopify-768x466.webp 768w, https:\/\/bersomarketing.com\/fr\/wp-content\/uploads\/sites\/2\/2026\/03\/seo-ecommerce-shopify.webp 1200w\" sizes=\"auto, (max-width: 1024px) 100vw, 1024px\" \/><\/a><\/div><div class=\"post-content\"><h2 class=\"post-title\"><a href=\"https:\/\/bersomarketing.com\/fr\/blog\/problemes-seo-shopify\/\">9 probl\u00e8mes courants de r\u00e9f\u00e9rencement sur Shopify et comment les r\u00e9soudre (pour de vrai)<\/a><\/h2><div class=\"post-meta\">17 juillet 2024 \/ <a href=\"https:\/\/bersomarketing.com\/fr\/auteur\/sonia-beroud\/\">Sonia Beroud<\/a> \/ <a href=\"https:\/\/bersomarketing.com\/fr\/blog-e-commerce\/\">E-COMMERCE<\/a>, <a href=\"https:\/\/bersomarketing.com\/fr\/blog-seo\/\">SEO<\/a><\/div><div class=\"post-excerpt\">Si tu es e-commer\u00e7ant, il y a de fortes chances que tu aies opt\u00e9 pour Shopify &#8211; et avec raison ! Avec plus de 4,79 millions de boutiques dans le\u2026<\/div><\/div><\/div><\/div>\n<\/div>\n<\/div>\n<\/div>\n","protected":false},"excerpt":{"rendered":"<p>Secrets SEO &amp; SEM bien gard\u00e9s<\/p>\n","protected":false},"author":1,"featured_media":0,"parent":0,"menu_order":0,"comment_status":"closed","ping_status":"closed","template":"","meta":{"inline_featured_image":false,"footnotes":""},"class_list":["post-3362","page","type-page","status-publish","hentry"],"_links":{"self":[{"href":"https:\/\/bersomarketing.com\/fr\/wp-json\/wp\/v2\/pages\/3362","targetHints":{"allow":["GET"]}}],"collection":[{"href":"https:\/\/bersomarketing.com\/fr\/wp-json\/wp\/v2\/pages"}],"about":[{"href":"https:\/\/bersomarketing.com\/fr\/wp-json\/wp\/v2\/types\/page"}],"author":[{"embeddable":true,"href":"https:\/\/bersomarketing.com\/fr\/wp-json\/wp\/v2\/users\/1"}],"replies":[{"embeddable":true,"href":"https:\/\/bersomarketing.com\/fr\/wp-json\/wp\/v2\/comments?post=3362"}],"version-history":[{"count":0,"href":"https:\/\/bersomarketing.com\/fr\/wp-json\/wp\/v2\/pages\/3362\/revisions"}],"wp:attachment":[{"href":"https:\/\/bersomarketing.com\/fr\/wp-json\/wp\/v2\/media?parent=3362"}],"curies":[{"name":"wp","href":"https:\/\/api.w.org\/{rel}","templated":true}]}}