{"id":5241,"date":"2025-12-22T18:06:32","date_gmt":"2025-12-22T18:06:32","guid":{"rendered":"http:\/\/berso-staging.local\/?page_id=5241"},"modified":"2026-03-28T17:24:58","modified_gmt":"2026-03-28T21:24:58","slug":"contact","status":"publish","type":"page","link":"https:\/\/bersomarketing.com\/fr\/contact\/","title":{"rendered":"Contactez-Moi"},"content":{"rendered":"\n<div class=\"gb-element-22b68cf9 contact-section\">\n<div class=\"gb-element-c4009f9c\">\n<div class=\"gb-element-ccd4fab2 intro-text\">\n<figure class=\"wp-block-image size-full\"><img decoding=\"async\" src=\"https:\/\/bersomarketing.com\/fr\/wp-content\/uploads\/sites\/2\/2026\/03\/zigzag-turquoise.webp\" alt=\"\" class=\"wp-image-652\"\/><\/figure>\n\n\n\n<h1 class=\"gb-text gb-text-b03a6392\">Prenons <span class=\"stabilo-highlight\">Contact<\/span>!<\/h1>\n\n\n\n<p class=\"gb-text gb-text-baacc485\">N&rsquo;h\u00e9sitez pas \u00e0 m&rsquo;envoyer un message pour planifier votre appel de consultation gratuite ou \u00e0 m&rsquo;ajouter sur les m\u00e9dias sociaux!<\/p>\n\n\n\n<div class=\"social-icons-plain\">\r\n    <a href=\"https:\/\/x.com\/bersomarketing\" target=\"_blank\">\r\n        <i class=\"fab fa-twitter\"><\/i>\r\n    <\/a>\r\n    <a href=\"https:\/\/www.linkedin.com\/in\/sonia-beroud\/\" target=\"_blank\" rel=\"noopener\">\r\n        <i class=\"fab fa-linkedin\"><\/i>\r\n    <\/a>\r\n<\/div>\n<\/div>\n\n\n\n<div class=\"gb-element-9c87f67a contact-picture\"><div class=\"wp-block-image offset-frame\">\n<figure class=\"alignleft size-large is-resized\"><img decoding=\"async\" src=\"https:\/\/bersomarketing.com\/fr\/wp-content\/uploads\/sites\/2\/2026\/03\/sonia-beroud-consultante-seo-sea-ppc-1024x1024.webp\" alt=\"\" class=\"wp-image-50\" style=\"width:500px\"\/><\/figure>\n<\/div><\/div>\n<\/div>\n<\/div>\n\n\n\n<div class=\"gb-element-17d25301 logo-carousel-wrapper\">\n<div class=\"gb-element-e1663ec5 logo-track\">\n<figure class=\"wp-block-image size-large is-resized\"><img loading=\"lazy\" decoding=\"async\" width=\"173\" height=\"48\" src=\"https:\/\/bersomarketing.com\/wp-content\/uploads\/2025\/12\/dovly-ai-logo.svg\" alt=\"\" class=\"wp-image-4394\" style=\"width:auto;height:50px\"\/><\/figure>\n\n\n\n<figure class=\"wp-block-image size-large is-resized\"><img loading=\"lazy\" decoding=\"async\" width=\"1024\" height=\"485\" src=\"https:\/\/bersomarketing.com\/wp-content\/uploads\/2025\/12\/opera-de-montreal-logo.svg\" alt=\"\" class=\"wp-image-4397\" style=\"width:auto;height:80px\"\/><\/figure>\n\n\n\n<figure class=\"wp-block-image size-large is-resized\"><img loading=\"lazy\" decoding=\"async\" width=\"325\" height=\"57\" src=\"https:\/\/bersomarketing.com\/wp-content\/uploads\/2025\/12\/elia-logo.svg\" alt=\"\" class=\"wp-image-4395\" style=\"width:auto;height:30px\"\/><\/figure>\n\n\n\n<figure class=\"wp-block-image size-large is-resized\"><img loading=\"lazy\" decoding=\"async\" width=\"556\" height=\"144\" src=\"https:\/\/bersomarketing.com\/wp-content\/uploads\/2025\/12\/crow-canyon-home-logo.svg\" alt=\"\" class=\"wp-image-4401\" style=\"width:auto;height:50px\"\/><\/figure>\n\n\n\n<figure class=\"wp-block-image size-large is-resized\"><img loading=\"lazy\" decoding=\"async\" width=\"400\" height=\"100\" src=\"https:\/\/bersomarketing.com\/wp-content\/uploads\/2025\/12\/agendrix-logo.svg\" alt=\"\" class=\"wp-image-4410\" style=\"width:auto;height:40px\"\/><\/figure>\n\n\n\n<figure class=\"wp-block-image size-large is-resized\"><img loading=\"lazy\" decoding=\"async\" width=\"1029\" height=\"284\" src=\"https:\/\/bersomarketing.com\/wp-content\/uploads\/2025\/12\/kickflip-logo.svg\" alt=\"\" class=\"wp-image-4413\" style=\"width:auto;height:40px\"\/><\/figure>\n\n\n\n<figure class=\"wp-block-image size-large is-resized\"><img loading=\"lazy\" decoding=\"async\" width=\"1280\" height=\"232\" src=\"https:\/\/bersomarketing.com\/wp-content\/uploads\/2025\/12\/orthex-logo.svg\" alt=\"\" class=\"wp-image-4416\" style=\"width:auto;height:30px\"\/><\/figure>\n\n\n\n<figure class=\"wp-block-image size-large is-resized\"><img loading=\"lazy\" decoding=\"async\" width=\"973\" height=\"271\" src=\"https:\/\/bersomarketing.com\/wp-content\/uploads\/2025\/12\/baseline-logo.svg\" alt=\"\" class=\"wp-image-4419\" style=\"width:auto;height:50px\"\/><\/figure>\n<\/div>\n\n\n\n<div class=\"gb-element-c44e56d8 logo-track\">\n<figure class=\"wp-block-image size-large is-resized\"><img loading=\"lazy\" decoding=\"async\" width=\"173\" height=\"48\" src=\"https:\/\/bersomarketing.com\/wp-content\/uploads\/2025\/12\/dovly-ai-logo.svg\" alt=\"\" class=\"wp-image-4394\" style=\"width:auto;height:50px\"\/><\/figure>\n\n\n\n<figure class=\"wp-block-image size-large is-resized\"><img loading=\"lazy\" decoding=\"async\" width=\"1024\" height=\"485\" src=\"https:\/\/bersomarketing.com\/wp-content\/uploads\/2025\/12\/opera-de-montreal-logo.svg\" alt=\"\" class=\"wp-image-4397\" style=\"width:auto;height:80px\"\/><\/figure>\n\n\n\n<figure class=\"wp-block-image size-large is-resized\"><img loading=\"lazy\" decoding=\"async\" width=\"325\" height=\"57\" src=\"https:\/\/bersomarketing.com\/wp-content\/uploads\/2025\/12\/elia-logo.svg\" alt=\"\" class=\"wp-image-4395\" style=\"width:auto;height:30px\"\/><\/figure>\n\n\n\n<figure class=\"wp-block-image size-large is-resized\"><img loading=\"lazy\" decoding=\"async\" width=\"556\" height=\"144\" src=\"https:\/\/bersomarketing.com\/wp-content\/uploads\/2025\/12\/crow-canyon-home-logo.svg\" alt=\"\" class=\"wp-image-4401\" style=\"width:auto;height:50px\"\/><\/figure>\n\n\n\n<figure class=\"wp-block-image size-large is-resized\"><img loading=\"lazy\" decoding=\"async\" width=\"400\" height=\"100\" src=\"https:\/\/bersomarketing.com\/wp-content\/uploads\/2025\/12\/agendrix-logo.svg\" alt=\"\" class=\"wp-image-4410\" style=\"width:auto;height:40px\"\/><\/figure>\n\n\n\n<figure class=\"wp-block-image size-large is-resized\"><img loading=\"lazy\" decoding=\"async\" width=\"1029\" height=\"284\" src=\"https:\/\/bersomarketing.com\/wp-content\/uploads\/2025\/12\/kickflip-logo.svg\" alt=\"\" class=\"wp-image-4413\" style=\"width:auto;height:40px\"\/><\/figure>\n\n\n\n<figure class=\"wp-block-image size-large is-resized\"><img loading=\"lazy\" decoding=\"async\" width=\"1280\" height=\"232\" src=\"https:\/\/bersomarketing.com\/wp-content\/uploads\/2025\/12\/orthex-logo.svg\" alt=\"\" class=\"wp-image-4416\" style=\"width:auto;height:30px\"\/><\/figure>\n\n\n\n<figure class=\"wp-block-image size-large is-resized\"><img loading=\"lazy\" decoding=\"async\" width=\"973\" height=\"271\" src=\"https:\/\/bersomarketing.com\/wp-content\/uploads\/2025\/12\/baseline-logo.svg\" alt=\"\" class=\"wp-image-4419\" style=\"width:auto;height:50px\"\/><\/figure>\n<\/div>\n<\/div>\n\n\n\n<div class=\"gb-element-78f83cba\">\n<div class=\"gb-element-7acd2010\">\n<div>\n<div>\n<div class=\"gb-element-0bb833e1\">\n<div class=\"gb-element-47b4d25b\">\n<div class=\"gb-element-a36c48a2\">\n<h2 class=\"gb-text gb-text-b184c4ea\"><strong>Ne pars pas si vite.<\/strong><\/h2>\n\n\n\n<p class=\"gb-text gb-text-09711a20\"><br><strong style=\"font-family: 'Mulish', sans-serif; font-size:25px; font-weight:700; line-height:25px; letter-spacing:0.072px; height:25px; color:var(--white);\">\u00c9cris-moi!<\/strong><br><\/p>\n\n\n\n<p class=\"gb-text gb-text-38456791\"><br><strong>Adresse:<\/strong><br><span style=\"color: white;\">1295 rue Des Carri\u00e8res<br>Suite 203<br>Montr\u00e9al (QC), H2S 0E1<\/span><br><br><br><strong>T\u00e9l\u00e9phone:<\/strong> <a style=\"color:white;\" onmouseover=\"this.style.color='var(--hot-pink)'\" onmouseout=\"this.style.color='white'\" href=\"tel:4387383616\">+438-738-3616 <\/a> <br><br><br><strong>Courriel:<\/strong> <a style=\"color:white;\" onmouseover=\"this.style.color='var(--hot-pink)'\" onmouseout=\"this.style.color='white'\" href=\"mailto:sonia@bersomarketing.com\">sonia@bersomarketing.com <\/a><\/p>\n\n\n\n<div class=\"gb-element-08a361a0\">\n<div class=\"social-icons\">\r\n    <a href=\"https:\/\/x.com\/bersomarketing\" target=\"_blank\">\r\n        <i class=\"fab fa-twitter\"><\/i>\r\n    <\/a>\r\n    <a href=\"https:\/\/www.linkedin.com\/in\/sonia-beroud\/\" target=\"_blank\" rel=\"noopener\">\r\n        <i class=\"fab fa-linkedin\"><\/i>\r\n    <\/a>\r\n<\/div>\n<\/div>\n<\/div>\n\n\n\n<div class=\"gb-element-c4377cbf\">\n<div class=\"wp-block-contact-form-7-contact-form-selector\">\n<div class=\"wpcf7 no-js\" id=\"wpcf7-f2685-o1\" lang=\"en-US\" dir=\"ltr\" data-wpcf7-id=\"2685\">\n<div class=\"screen-reader-response\"><p role=\"status\" aria-live=\"polite\" aria-atomic=\"true\"><\/p> <ul><\/ul><\/div>\n<form action=\"\/fr\/wp-json\/wp\/v2\/pages\/5241#wpcf7-f2685-o1\" method=\"post\" class=\"wpcf7-form init\" aria-label=\"Contact form\" novalidate=\"novalidate\" data-status=\"init\">\n<fieldset class=\"hidden-fields-container\"><input type=\"hidden\" name=\"_wpcf7\" value=\"2685\" \/><input type=\"hidden\" name=\"_wpcf7_version\" value=\"6.1.5\" \/><input type=\"hidden\" name=\"_wpcf7_locale\" value=\"en_US\" \/><input type=\"hidden\" name=\"_wpcf7_unit_tag\" value=\"wpcf7-f2685-o1\" \/><input type=\"hidden\" name=\"_wpcf7_container_post\" value=\"0\" \/><input type=\"hidden\" name=\"_wpcf7_posted_data_hash\" value=\"\" \/>\n<\/fieldset>\n<div class=\"wpcf7-turnstile cf-turnstile\" data-sitekey=\"0x4AAAAAACxqZRU9t1picz77\" data-response-field-name=\"_wpcf7_turnstile_response\"><\/div>\n\n<div class=\"form-row\">\n\t<div class=\"form-col\">\n\t\t<p><span class=\"wpcf7-form-control-wrap\" data-name=\"first-name\"><input size=\"40\" maxlength=\"400\" class=\"wpcf7-form-control wpcf7-text wpcf7-validates-as-required\" aria-required=\"true\" aria-invalid=\"false\" placeholder=\"Pr\u00e9nom\" value=\"\" type=\"text\" name=\"first-name\" \/><\/span>\n\t\t<\/p>\n\t<\/div>\n\t<div class=\"form-col\">\n\t\t<p><span class=\"wpcf7-form-control-wrap\" data-name=\"last-name\"><input size=\"40\" maxlength=\"400\" class=\"wpcf7-form-control wpcf7-text wpcf7-validates-as-required\" aria-required=\"true\" aria-invalid=\"false\" placeholder=\"Nom\" value=\"\" type=\"text\" name=\"last-name\" \/><\/span>\n\t\t<\/p>\n\t<\/div>\n<\/div>\n<div class=\"form-row\">\n\t<div class=\"form-col\">\n\t\t<p><span class=\"wpcf7-form-control-wrap\" data-name=\"business-name\"><input size=\"40\" maxlength=\"400\" class=\"wpcf7-form-control wpcf7-text wpcf7-validates-as-required\" aria-required=\"true\" aria-invalid=\"false\" placeholder=\"Entreprise\" value=\"\" type=\"text\" name=\"business-name\" \/><\/span>\n\t\t<\/p>\n\t<\/div>\n\t<div class=\"form-col\">\n\t\t<p><span class=\"wpcf7-form-control-wrap\" data-name=\"website\"><input size=\"40\" maxlength=\"400\" class=\"wpcf7-form-control wpcf7-text\" aria-invalid=\"false\" placeholder=\"Site Web\" value=\"\" type=\"text\" name=\"website\" \/><\/span>\n\t\t<\/p>\n\t<\/div>\n<\/div>\n<div class=\"form-row full-width\">\n\t<p><span class=\"wpcf7-form-control-wrap\" data-name=\"your-email\"><input size=\"40\" maxlength=\"400\" class=\"wpcf7-form-control wpcf7-email wpcf7-validates-as-required wpcf7-text wpcf7-validates-as-email\" aria-required=\"true\" aria-invalid=\"false\" placeholder=\"Courriel\" value=\"\" type=\"email\" name=\"your-email\" \/><\/span>\n\t<\/p>\n<\/div>\n<div class=\"form-row full-width\">\n\t<p><span class=\"wpcf7-form-control-wrap\" data-name=\"your-message\"><textarea cols=\"40\" rows=\"10\" maxlength=\"2000\" class=\"wpcf7-form-control wpcf7-textarea wpcf7-validates-as-required\" aria-required=\"true\" aria-invalid=\"false\" placeholder=\"Message\" name=\"your-message\"><\/textarea><\/span>\n\t<\/p>\n<\/div>\n<div style=\"display:none !important\" aria-hidden=\"true\">\n\t<p><span class=\"wpcf7-form-control-wrap\" data-name=\"honeypot-url\"><input size=\"40\" maxlength=\"400\" class=\"wpcf7-form-control wpcf7-text\" autocomplete=\"off\" aria-invalid=\"false\" value=\"\" type=\"text\" name=\"honeypot-url\" \/><\/span>\n\t<\/p>\n<\/div>\n<div class=\"form-row full-width consent\">\n\t<p><span class=\"wpcf7-form-control-wrap\" data-name=\"consent\"><span class=\"wpcf7-form-control wpcf7-acceptance\"><span class=\"wpcf7-list-item\"><input type=\"checkbox\" name=\"consent\" value=\"1\" aria-invalid=\"false\" \/><\/span><\/span><\/span> Je consens \u00e0 ce que les donn\u00e9es que j'ai fournies soient collect\u00e9es et stock\u00e9es.\n\t<\/p>\n<\/div>\n<div class=\"form-row full-width\">\n\t<p><input class=\"wpcf7-form-control wpcf7-submit has-spinner\" type=\"submit\" value=\"ENVOYER LE MESSAGE\" \/>\n\t<\/p>\n<\/div><div class=\"wpcf7-response-output\" aria-hidden=\"true\"><\/div>\n<\/form>\n<\/div>\n<\/div>\n<\/div>\n<\/div>\n<\/div>\n<\/div>\n<\/div>\n<\/div>\n<\/div>\n","protected":false},"excerpt":{"rendered":"<p>Prenons Contact! N&rsquo;h\u00e9sitez pas \u00e0 m&rsquo;envoyer un message pour planifier votre appel de consultation gratuite ou \u00e0 m&rsquo;ajouter sur les m\u00e9dias sociaux!<\/p>\n","protected":false},"author":1,"featured_media":0,"parent":0,"menu_order":0,"comment_status":"closed","ping_status":"closed","template":"","meta":{"inline_featured_image":false,"footnotes":""},"class_list":["post-5241","page","type-page","status-publish"],"_links":{"self":[{"href":"https:\/\/bersomarketing.com\/fr\/wp-json\/wp\/v2\/pages\/5241","targetHints":{"allow":["GET"]}}],"collection":[{"href":"https:\/\/bersomarketing.com\/fr\/wp-json\/wp\/v2\/pages"}],"about":[{"href":"https:\/\/bersomarketing.com\/fr\/wp-json\/wp\/v2\/types\/page"}],"author":[{"embeddable":true,"href":"https:\/\/bersomarketing.com\/fr\/wp-json\/wp\/v2\/users\/1"}],"replies":[{"embeddable":true,"href":"https:\/\/bersomarketing.com\/fr\/wp-json\/wp\/v2\/comments?post=5241"}],"version-history":[{"count":1,"href":"https:\/\/bersomarketing.com\/fr\/wp-json\/wp\/v2\/pages\/5241\/revisions"}],"predecessor-version":[{"id":8884,"href":"https:\/\/bersomarketing.com\/fr\/wp-json\/wp\/v2\/pages\/5241\/revisions\/8884"}],"wp:attachment":[{"href":"https:\/\/bersomarketing.com\/fr\/wp-json\/wp\/v2\/media?parent=5241"}],"curies":[{"name":"wp","href":"https:\/\/api.w.org\/{rel}","templated":true}]}}