{"id":6439,"date":"2025-12-27T19:59:04","date_gmt":"2025-12-27T19:59:04","guid":{"rendered":"http:\/\/berso-staging.local\/?page_id=6439"},"modified":"2026-03-29T17:40:34","modified_gmt":"2026-03-29T21:40:34","slug":"politique-utilisation-temoins-connexion","status":"publish","type":"page","link":"https:\/\/bersomarketing.com\/fr\/politique-utilisation-temoins-connexion\/","title":{"rendered":"Politique de Cookies"},"content":{"rendered":"\n<div class=\"gb-element-22b68cf9\">\n<img loading=\"lazy\" decoding=\"async\" width=\"186\" height=\"30\" class=\"gb-media-13589dfb\" alt=\"\" title=\"zigzag-turquoise\" src=\"https:\/\/bersomarketing.com\/fr\/wp-content\/uploads\/sites\/2\/2026\/03\/zigzag-turquoise.webp\"\/>\n\n\n\n<h1 class=\"gb-text gb-text-b03a6392\"><span class=\"underline-highlight\">Politique relative \u00e0 l&rsquo;utilisation des t\u00e9moins de connexion (cookies) de bersomarketing.com<\/span><\/h1>\n\n\n\n<p class=\"gb-text gb-text-baacc485\">Le pr\u00e9sent document informe les Utilisateurs des technologies permettant \u00e0 ce site Web d\u2019atteindre les finalit\u00e9s d\u00e9crites ci-dessous. Ces technologies permettent au Propri\u00e9taire d\u2019acc\u00e9der \u00e0 des informations et de les stocker (\u00e0 l\u2019aide d\u2019un Cookie, par exemple) ou d\u2019utiliser des ressources (en ex\u00e9cutant un script, par exemple) sur l\u2019appareil d\u2019un Utilisateur lorsque celui-ci interagit avec ce site Web.<br><br>Par souci de simplification, toutes ces technologies sont d\u00e9finies comme \u00e9tant des \u00ab T\u00e9moins de connexion \u00bb dans le pr\u00e9sent document, \u00e0 moins qu\u2019il n\u2019existe une raison de les diff\u00e9rencier. Par exemple, bien que les Cookies puissent \u00eatre utilis\u00e9s \u00e0 la fois sur les navigateurs Internet et mobiles, il serait inexact de parler de Cookies dans le contexte des applications mobiles car ce sont des t\u00e9moins de connexion bas\u00e9s sur un navigateur. C\u2019est pourquoi, dans ce document, le terme Cookies n\u2019est utilis\u00e9 que lorsqu\u2019il est sp\u00e9cifiquement destin\u00e9 \u00e0 indiquer ce type sp\u00e9cifique de T\u00e9moin de connexion.<br><br>Certaines des finalit\u00e9s pour lesquelles les T\u00e9moins de connexion sont utilis\u00e9s peuvent n\u00e9cessiter le consentement de l\u2019Utilisateur. Lorsque le consentement est donn\u00e9, il peut \u00eatre librement retir\u00e9 \u00e0 tout moment en suivant les instructions fournies dans le pr\u00e9sent document.<br><br>Ce site Web utilise des T\u00e9moins de connexion g\u00e9r\u00e9s directement par le Propri\u00e9taire (les T\u00e9moins de connexion dits \u00ab de premi\u00e8re partie \u00bb) et les T\u00e9moins de connexion qui activent les services fournis par un tiers (les T\u00e9moins de connexion dits \u00ab tiers \u00bb). Sauf indication contraire dans le pr\u00e9sent document, les fournisseurs tiers peuvent acc\u00e9der aux T\u00e9moins de connexion g\u00e9r\u00e9s par eux-m\u00eames.<br><br>Les p\u00e9riodes de validit\u00e9 et d\u2019expiration des Cookies et d\u2019autres T\u00e9moins de connexion similaires peuvent varier en fonction de la dur\u00e9e de vie d\u00e9finie par le Propri\u00e9taire ou le fournisseur concern\u00e9. Certains expirent \u00e0 la fin de la session de navigation de l\u2019Utilisateur.<br><br>Outre ce qui est pr\u00e9cis\u00e9 dans les descriptions de chacune des cat\u00e9gories ci-dessous, les Utilisateurs peuvent trouver des informations plus pr\u00e9cises et actualis\u00e9es concernant la description sur la dur\u00e9e de vie ainsi que toute autre information utile \u2013 comme la pr\u00e9sence d\u2019autres T\u00e9moins de connexion \u2013 dans les politiques de confidentialit\u00e9 des fournisseurs tiers respectifs, mises en lien, ou en contactant le Propri\u00e9taire.<\/p>\n\n\n\n<h2 class=\"gb-text\">Propri\u00e9taire et responsable des donn\u00e9es<\/h2>\n\n\n\n<p class=\"gb-text\">Agence Berso Inc.<br>1295, rue Des Carri\u00e8res<br>Suite 203<br>Montr\u00e9al (QC), H2S 0E1<br>Canada<br><br><u>Adresse courriel de contact du Propri\u00e9taire:<\/u>&nbsp;sonia@bersomarketing.com<br><br>\u00c9tant donn\u00e9 que l\u2019utilisation des T\u00e9moins de connexion par ce site Web ne peut \u00eatre enti\u00e8rement contr\u00f4l\u00e9e par le Propri\u00e9taire, toute r\u00e9f\u00e9rence sp\u00e9cifique aux T\u00e9moins de connexion tiers n\u2019a qu\u2019une valeur indicative. Afin d\u2019obtenir des informations compl\u00e8tes, les Utilisateurs sont invit\u00e9s \u00e0 consulter les politiques de confidentialit\u00e9 des services tiers indiqu\u00e9s dans le pr\u00e9sent document.<br><br>Compte tenu de la complexit\u00e9 objective des technologies de suivi, les Utilisateurs sont invit\u00e9s \u00e0 contacter le Propri\u00e9taire s\u2019ils souhaitent recevoir de plus amples informations sur l\u2019utilisation de ces technologies par ce site Web.&nbsp;<\/p>\n\n\n\n<h2 class=\"gb-text\">Activit\u00e9s strictement n\u00e9cessaires au fonctionnement de ce site Web et \u00e0 la fourniture du Service<\/h2>\n\n\n\n<p class=\"gb-text\">Ce site Web utilise des Cookies dits \u00ab techniques \u00bb et d\u2019autres T\u00e9moins de connexion similaires pour mener des activit\u00e9s strictement n\u00e9cessaires au fonctionnement ou \u00e0 la fourniture du Service.<br><br>Les T\u00e9moins de connexion tiers permettent au Propri\u00e9taire de g\u00e9rer les balises ou les scripts n\u00e9cessaires \u00e0 ce site Web de mani\u00e8re centralis\u00e9e. Par cons\u00e9quent, les Donn\u00e9es utilisateurs transitent par ces services, ce qui pourrait entra\u00eener la conservation de ces Donn\u00e9es.<br><br>Google Tag Manager est un service de gestion de balises fourni par Google LLC ou par Google Ireland Limited, selon la fa\u00e7on dont le Propri\u00e9taire g\u00e8re le traitement des Donn\u00e9es. Donn\u00e9es personnelles trait\u00e9es : Donn\u00e9es d&rsquo;utilisation et T\u00e9moin de connexion. Lieu de traitement: \u00c9tats-Unis \u2013&nbsp;<a href=\"https:\/\/policies.google.com\/privacy?hl=fr-CA\" target=\"_blank\" rel=\"noreferrer noopener\">Politique de confidentialit\u00e9<\/a>; Irlande \u2013&nbsp;<a href=\"https:\/\/policies.google.com\/privacy?hl=fr-CA\" target=\"_blank\" rel=\"noreferrer noopener\">Politique de confidentialit\u00e9<\/a>.<\/p>\n\n\n\n<h2 class=\"gb-text\">Autres activit\u00e9s impliquant l\u2019utilisation de t\u00e9moins de connexion<\/h2>\n\n\n\n<h3 class=\"gb-text\">Am\u00e9lioration de l\u2019exp\u00e9rience utilisateur<\/h3>\n\n\n\n<p class=\"gb-text\">Ce site Web utilise des T\u00e9moins de connexion pour offrir une exp\u00e9rience utilisateur personnalis\u00e9e en am\u00e9liorant la qualit\u00e9 des options de gestion des pr\u00e9f\u00e9rences et en permettant les interactions avec les r\u00e9seaux et les plateformes externes.<\/p>\n\n\n\n<ul class=\"wp-block-list\">\n<li>Affichage de contenus \u00e0 partir de plateformes externes.<br>Ce type de services vous permet de visualiser et d\u2019interagir avec le contenu h\u00e9berg\u00e9 sur des plateformes externes directement \u00e0 partir des pages de ce site Web. Si un tel service est install\u00e9, il peut toujours collecter les donn\u00e9es relatives au trafic Web des pages, m\u00eame si l\u2019Utilisateur ne l\u2019utilise pas. Google Fonts est un service de visualisation de polices de caract\u00e8res fourni par Google LLC ou par Google Ireland Limited, selon la fa\u00e7on dont le Propri\u00e9taire g\u00e8re le traitement des Donn\u00e9es, qui permet \u00e0 ce site Web d&rsquo;incorporer un contenu de cette nature sur ses pages. Donn\u00e9es personnelles trait\u00e9es : Donn\u00e9es d&rsquo;utilisation et T\u00e9moins de connexion. Lieu de traitement : \u00c9tats-Unis \u2013&nbsp;<a href=\"https:\/\/policies.google.com\/privacy?hl=fr-CA\" target=\"_blank\" rel=\"noreferrer noopener\">Politique de confidentialit\u00e9<\/a>; Irlande \u2013&nbsp;<a href=\"https:\/\/policies.google.com\/privacy?hl=fr-CA\" target=\"_blank\" rel=\"noreferrer noopener\">Politique de confidentialit\u00e9<\/a>.<\/li>\n\n\n\n<li>\u00c9changes avec les r\u00e9seaux sociaux et les plateformes externes.<br>Ce type de services permet les \u00e9changes avec les r\u00e9seaux sociaux ou d\u2019autres plateformes externes directement \u00e0 partir des pages de ce site Web. Les \u00e9changes et informations obtenus par ce site Web sont toujours r\u00e9gis par les param\u00e8tres de confidentialit\u00e9 d\u00e9finis par l\u2019Utilisateur pour chaque r\u00e9seau social. Ce type de service peut quand m\u00eame collecter les donn\u00e9es relatives au trafic des pages sur lesquelles il est install\u00e9, m\u00eame lorsque l\u2019Utilisateur ne l\u2019utilise pas. Nous vous recommandons de vous d\u00e9connecter des services respectifs afin de vous assurer que les donn\u00e9es trait\u00e9es sur ce site Web ne sont pas connect\u00e9es au profil de l\u2019Utilisateur.<\/li>\n<\/ul>\n\n\n\n<h3 class=\"gb-text\">Mesure<\/h3>\n\n\n\n<p class=\"gb-text\">Ce site Web utilise des T\u00e9moins de connexion pour mesurer le trafic et analyser le comportement de l\u2019Utilisateur dans le but d\u2019am\u00e9liorer le Service. <br>Ces services permettent au Propri\u00e9taire de surveiller et d\u2019analyser le trafic Web et de suivre l\u2019\u00e9volution du comportement de l\u2019Utilisateur.<br><br>Google Analytics est un service d\u2019analyse Web fourni par Google LLC ou par Google Ireland Limited, selon la fa\u00e7on dont le Propri\u00e9taire g\u00e8re le traitement des Donn\u00e9es, (\u00ab Google \u00bb). Google utilise les Donn\u00e9es collect\u00e9es pour suivre et analyser l\u2019utilisation de ce site Web, pr\u00e9parer des rapports sur ses activit\u00e9s et les partager avec d\u2019autres services Google. Google peut utiliser les Donn\u00e9es collect\u00e9es pour contextualiser et personnaliser les publicit\u00e9s de son propre r\u00e9seau publicitaire.<br>Donn\u00e9es personnelles trait\u00e9es : Donn\u00e9es d&rsquo;utilisation et T\u00e9moins de connexion.<br>Lieu de traitement : \u00c9tats-Unis \u2013&nbsp;<a href=\"https:\/\/policies.google.com\/privacy?hl=fr-CA\" target=\"_blank\" rel=\"noreferrer noopener\">Politique de confidentialit\u00e9<\/a>&nbsp;\u2013&nbsp;<a href=\"https:\/\/tools.google.com\/dlpage\/gaoptout?hl=fr\" target=\"_blank\" rel=\"noreferrer noopener\">Option de retrait<\/a>; Irlande \u2013&nbsp;<a href=\"https:\/\/policies.google.com\/privacy?hl=fr-CA\" target=\"_blank\" rel=\"noreferrer noopener\">Politique de confidentialit\u00e9<\/a>&nbsp;\u2013&nbsp;<a href=\"https:\/\/tools.google.com\/dlpage\/gaoptout?hl=fr\" target=\"_blank\" rel=\"noreferrer noopener\">Option de retrait<\/a>.<br><br>Les rapports sur les performances d\u00e9mographiques et les centres d&rsquo;int\u00e9r\u00eats de Google Analytics sont une fonctionnalit\u00e9 de la cr\u00e9ation de rapports sur la publicit\u00e9 dans Google Analytics qui rend disponible les Donn\u00e9es d\u00e9mographiques et des centres d\u2019int\u00e9r\u00eats au sein de Google Analytics pour ce site Web (d\u00e9mographiques signifie les donn\u00e9es sur l\u2019\u00e2ge et le genre). Les Utilisateurs peuvent renoncer \u00e0 l\u2019utilisation par Google de cookies en consultant les&nbsp;<a href=\"https:\/\/adssettings.google.com\/authenticated\" target=\"_blank\" rel=\"noreferrer noopener\">param\u00e8tres des annonces de Google<\/a>.<br>Donn\u00e9es personnelles trait\u00e9es : identification unique du dispositif pour la publicit\u00e9 (identifiant publicitaire Google ou IDFA, par exemple) et T\u00e9moins de connexion.<br>Lieu de traitement: Irlande \u2013&nbsp;<a href=\"https:\/\/policies.google.com\/privacy?hl=fr-CA\" target=\"_blank\" rel=\"noreferrer noopener\">Politique de confidentialit\u00e9<\/a>&nbsp;\u2013&nbsp;<a href=\"https:\/\/tools.google.com\/dlpage\/gaoptout?hl=fr\" target=\"_blank\" rel=\"noreferrer noopener\">Option de retrait<\/a>.<\/p>\n\n\n\n<h2 class=\"gb-text\">Comment g\u00e9rer les pr\u00e9f\u00e9rences et donner ou retirer son consentement<\/h2>\n\n\n\n<p class=\"gb-text\">Il existe diff\u00e9rentes fa\u00e7ons de g\u00e9rer les pr\u00e9f\u00e9rences relatives aux T\u00e9moins de connexion et de donner et de retirer son consentement, le cas \u00e9ch\u00e9ant: <\/p>\n\n\n\n<p>Les Utilisateurs peuvent g\u00e9rer les pr\u00e9f\u00e9rences relatives aux T\u00e9moins de connexion directement dans les param\u00e8tres de leur propre appareil, par exemple en emp\u00eachant l\u2019utilisation ou le stockage des T\u00e9moins de connexion.<br><br>De plus, chaque fois que l\u2019utilisation de T\u00e9moins de connexion repose sur le consentement, les Utilisateurs peuvent donner ou retirer ce consentement en d\u00e9finissant leurs pr\u00e9f\u00e9rences dans la notification de cookie, ou en mettant \u00e0 jour ces pr\u00e9f\u00e9rences en cons\u00e9quence \u00e0 l\u2019aide du widget appropri\u00e9 de pr\u00e9f\u00e9rences relatives au consentement, le cas \u00e9ch\u00e9ant.<br><br>Il est \u00e9galement possible, par le biais du navigateur ou les fonctionnalit\u00e9s de l\u2019appareil, de supprimer les T\u00e9moins de connexion pr\u00e9c\u00e9demment stock\u00e9s, y compris ceux utilis\u00e9s pour se souvenir du consentement initial de l\u2019Utilisateur. <br><br>Les autres T\u00e9moins de connexion dans la m\u00e9moire locale du navigateur peuvent \u00eatre effac\u00e9s en supprimant l\u2019historique de navigation.<br><br>S\u2019agissant des T\u00e9moins de connexion tiers, les Utilisateurs peuvent g\u00e9rer les pr\u00e9f\u00e9rences et retirer leur consentement par le lien de retrait associ\u00e9 (le cas \u00e9ch\u00e9ant), \u00e0 l\u2019aide du moyen indiqu\u00e9 dans la politique de confidentialit\u00e9 de ce tiers ou en contactant celui-ci.<\/p>\n\n\n\n<h3 class=\"gb-text\">Acc\u00e8s aux param\u00e8tres pour les t\u00e9moins de connexion<\/h3>\n\n\n\n<p class=\"gb-text\">Les Utilisateurs peuvent, par exemple, trouver des informations sur la fa\u00e7on de g\u00e9rer les Cookies dans les navigateurs les plus couramment utilis\u00e9s aux adresses suivantes:<\/p>\n\n\n\n<ul class=\"wp-block-list\">\n<li><a href=\"https:\/\/support.google.com\/chrome\/answer\/95647?hl=fr&amp;p=cpn_cookies\" target=\"_blank\" rel=\"noreferrer noopener\">Google Chrome<\/a>.<\/li>\n\n\n\n<li><a href=\"https:\/\/support.mozilla.org\/fr\/kb\/protection-renforcee-contre-pistage-firefox-ordinateur?redirectslug=activer-desactiver-cookies&amp;redirectlocale=fr\" target=\"_blank\" rel=\"noreferrer noopener\">Mozilla Firefox<\/a>.<\/li>\n\n\n\n<li><a href=\"https:\/\/support.apple.com\/fr-fr\/guide\/safari\/sfri11471\/mac\" target=\"_blank\" rel=\"noreferrer noopener\">Apple Safari<\/a>.<\/li>\n\n\n\n<li><a href=\"https:\/\/support.microsoft.com\/fr-fr\/windows\/supprimer-et-g%C3%A9rer-les-cookies-168dab11-0753-043d-7c16-ede5947fc64d\" target=\"_blank\" rel=\"noreferrer noopener\">Microsoft Internet Explorer<\/a>.<\/li>\n\n\n\n<li><a href=\"https:\/\/support.microsoft.com\/fr-fr\/microsoft-edge\/supprimer-les-cookies-dans-microsoft-edge-63947406-40ac-c3b8-57b9-2a946a29ae09\" target=\"_blank\" rel=\"noreferrer noopener\">Microsoft Edge<\/a>.<\/li>\n\n\n\n<li><a href=\"https:\/\/support.brave.com\/hc\/fr-fr\/articles\/360022806212-How-do-I-use-Shields-while-browsing\" target=\"_blank\" rel=\"noreferrer noopener\">Brave<\/a>.<\/li>\n\n\n\n<li><a href=\"https:\/\/help.opera.com\/en\/latest\/web-preferences\/#cookies\" target=\"_blank\" rel=\"noreferrer noopener\">Opera<\/a>.<\/li>\n<\/ul>\n\n\n\n<p class=\"gb-text\">Les Utilisateurs peuvent \u00e9galement g\u00e9rer certaines cat\u00e9gories de T\u00e9moins de connexion utilis\u00e9s sur les applications mobiles en d\u00e9sactivant les param\u00e8tres appropri\u00e9s de l\u2019appareil, tels que les param\u00e8tres publicitaires de l\u2019appareil pour les appareils mobiles ou les param\u00e8tres de suivi en g\u00e9n\u00e9ral (les Utilisateurs peuvent ouvrir les param\u00e8tres de l\u2019appareil et rechercher le param\u00e8tre appropri\u00e9).<\/p>\n\n\n\n<h3 class=\"gb-text\">Comment refuser la publicit\u00e9 cibl\u00e9e par centres d\u2019int\u00e9r\u00eat<\/h3>\n\n\n\n<p class=\"gb-text\">Nonobstant ce qui pr\u00e9c\u00e8de, les Utilisateurs sont inform\u00e9s qu\u2019ils peuvent suivre les instructions fournies par&nbsp;<a href=\"http:\/\/www.youronlinechoices.eu\/\" target=\"_blank\" rel=\"noreferrer noopener\">YourOnlineChoices<\/a>&nbsp;(Europe), la&nbsp;<a href=\"https:\/\/thenai.org\/about-online-advertising\/\" target=\"_blank\" rel=\"noreferrer noopener\">the Network Advertising Initiative<\/a>&nbsp;(\u00c9tats-Unis) et la&nbsp;<a href=\"https:\/\/www.aboutads.info\/consumers\/\" target=\"_blank\" rel=\"noreferrer noopener\">Digital Advertising Alliance<\/a>&nbsp;(\u00c9tats-Unis), la&nbsp;<a href=\"https:\/\/youradchoices.ca\/fr\/en-savoir-plus\/\" target=\"_blank\" rel=\"noreferrer noopener\">DAAC<\/a>&nbsp;(Canada), la&nbsp;<a href=\"http:\/\/www.ddai.info\/optout\" target=\"_blank\" rel=\"noreferrer noopener\">DDAI<\/a>&nbsp;(Japon), ou d\u2019autres services similaires. Ces initiatives permettent aux Utilisateurs de s\u00e9lectionner leurs pr\u00e9f\u00e9rences de suivi pour la plupart des outils publicitaires. Le Propri\u00e9taire recommande donc aux Utilisateurs d\u2019utiliser ces ressources en plus des informations fournies dans le pr\u00e9sent document.<br><br>La Digital Advertising Alliance propose une application appel\u00e9e&nbsp;<a href=\"https:\/\/youradchoices.com\/appchoices\" target=\"_blank\" rel=\"noreferrer noopener\">AppChoices<\/a>&nbsp;qui aide les Utilisateurs \u00e0 contr\u00f4ler la publicit\u00e9 cibl\u00e9e par centres d\u2019int\u00e9r\u00eat sur les applications mobiles.<\/p>\n\n\n\n<h3 class=\"gb-text\">Cons\u00e9quences du refus de consentement<\/h3>\n\n\n\n<p class=\"gb-text\">Les utilisateurs sont libres de donner ou non leur consentement. Toutefois, il convient de noter que les T\u00e9moins de connexion permettent \u00e0 ce site Web de fournir aux Utilisateurs une meilleure exp\u00e9rience et des fonctionnalit\u00e9s avanc\u00e9es (conform\u00e9ment aux finalit\u00e9s d\u00e9crites dans le pr\u00e9sent document). Par cons\u00e9quent, sans le consentement de l\u2019Utilisateur, il est possible que le Propri\u00e9taire ne soit pas en mesure de fournir les fonctionnalit\u00e9s connexes.<\/p>\n<\/div>\n","protected":false},"excerpt":{"rendered":"<p>Politique relative \u00e0 l&rsquo;utilisation des t\u00e9moins de connexion (cookies) de bersomarketing.com Le pr\u00e9sent document informe les Utilisateurs des technologies permettant \u00e0 ce site Web d\u2019atteindre les finalit\u00e9s d\u00e9crites ci-dessous. Ces technologies permettent au Propri\u00e9taire d\u2019acc\u00e9der \u00e0 des informations et de les stocker (\u00e0 l\u2019aide d\u2019un Cookie, par exemple) ou d\u2019utiliser des ressources (en ex\u00e9cutant un &#8230; <a title=\"Politique de Cookies\" class=\"read-more\" href=\"https:\/\/bersomarketing.com\/fr\/politique-utilisation-temoins-connexion\/\" aria-label=\"En savoir plus sur Politique de Cookies\">Lire la suite<\/a><\/p>\n","protected":false},"author":1,"featured_media":0,"parent":0,"menu_order":0,"comment_status":"closed","ping_status":"closed","template":"","meta":{"inline_featured_image":false,"footnotes":""},"class_list":["post-6439","page","type-page","status-publish"],"_links":{"self":[{"href":"https:\/\/bersomarketing.com\/fr\/wp-json\/wp\/v2\/pages\/6439","targetHints":{"allow":["GET"]}}],"collection":[{"href":"https:\/\/bersomarketing.com\/fr\/wp-json\/wp\/v2\/pages"}],"about":[{"href":"https:\/\/bersomarketing.com\/fr\/wp-json\/wp\/v2\/types\/page"}],"author":[{"embeddable":true,"href":"https:\/\/bersomarketing.com\/fr\/wp-json\/wp\/v2\/users\/1"}],"replies":[{"embeddable":true,"href":"https:\/\/bersomarketing.com\/fr\/wp-json\/wp\/v2\/comments?post=6439"}],"version-history":[{"count":8,"href":"https:\/\/bersomarketing.com\/fr\/wp-json\/wp\/v2\/pages\/6439\/revisions"}],"predecessor-version":[{"id":9027,"href":"https:\/\/bersomarketing.com\/fr\/wp-json\/wp\/v2\/pages\/6439\/revisions\/9027"}],"wp:attachment":[{"href":"https:\/\/bersomarketing.com\/fr\/wp-json\/wp\/v2\/media?parent=6439"}],"curies":[{"name":"wp","href":"https:\/\/api.w.org\/{rel}","templated":true}]}}